{"id":10,"date":"2010-11-08T11:47:28","date_gmt":"2010-11-08T11:47:28","guid":{"rendered":"http:\/\/www.rytirihranatezidle.cz\/?page_id=10"},"modified":"2025-12-06T11:38:03","modified_gmt":"2025-12-06T10:38:03","slug":"o-nas","status":"publish","type":"page","link":"https:\/\/www.rytirihranatezidle.cz\/?page_id=10","title":{"rendered":"O n\u00e1s"},"content":{"rendered":"<p>Ryt\u00ed\u0159i Hranat\u00e9 \u017didle jsou spolkem (d\u0159\u00edve ob\u010dansk\u00fdm sdru\u017een\u00edm), jeho\u017e c\u00edlem je tr\u00e9nov\u00e1n\u00ed \u0161erm\u00ed\u0159sk\u00e9ho um\u011bn\u00ed st\u0159edov\u011bku s odkazem na dochovan\u00e9 rukopisy a secvi\u010dov\u00e1n\u00ed vystoupen\u00ed pro ve\u0159ejnost.<\/p>\n<p>Na\u0161im z\u00e1jmem nen\u00ed vytvo\u0159it spole\u010dnost ve stylu Living history, ale p\u0159edv\u00e1d\u011bt div\u00e1k\u016fm \u0161erm\u00ed\u0159sk\u00e9 um\u011bn\u00ed, zabalen\u00e9 do poutav\u00e9ho p\u0159\u00edb\u011bhu.<\/p>\n<p><strong>E-mail:<\/strong> rytiri@rytirihranatezidle.cz<\/p>\n<p><strong>FaceBook<\/strong>: <a href=\"https:\/\/www.facebook.com\/RytiriHranateZidle\">https:\/\/www.facebook.com\/RytiriHranateZidle<\/a><\/p>\n","protected":false},"excerpt":{"rendered":"<p>Ryt\u00ed\u0159i Hranat\u00e9 \u017didle jsou spolkem (d\u0159\u00edve ob\u010dansk\u00fdm sdru\u017een\u00edm), jeho\u017e c\u00edlem je tr\u00e9nov\u00e1n\u00ed \u0161erm\u00ed\u0159sk\u00e9ho um\u011bn\u00ed st\u0159edov\u011bku s odkazem na dochovan\u00e9 rukopisy a secvi\u010dov\u00e1n\u00ed vystoupen\u00ed pro ve\u0159ejnost. Na\u0161im z\u00e1jmem nen\u00ed vytvo\u0159it spole\u010dnost ve stylu Living history, ale p\u0159edv\u00e1d\u011bt div\u00e1k\u016fm \u0161erm\u00ed\u0159sk\u00e9 um\u011bn\u00ed, zabalen\u00e9 do poutav\u00e9ho p\u0159\u00edb\u011bhu. E-mail: rytiri@rytirihranatezidle.cz FaceBook: https:\/\/www.facebook.com\/RytiriHranateZidle<\/p>\n","protected":false},"author":3,"featured_media":0,"parent":0,"menu_order":2,"comment_status":"open","ping_status":"closed","template":"","meta":{"ngg_post_thumbnail":0,"footnotes":""},"class_list":["post-10","page","type-page","status-publish","hentry"],"_links":{"self":[{"href":"https:\/\/www.rytirihranatezidle.cz\/index.php?rest_route=\/wp\/v2\/pages\/10","targetHints":{"allow":["GET"]}}],"collection":[{"href":"https:\/\/www.rytirihranatezidle.cz\/index.php?rest_route=\/wp\/v2\/pages"}],"about":[{"href":"https:\/\/www.rytirihranatezidle.cz\/index.php?rest_route=\/wp\/v2\/types\/page"}],"author":[{"embeddable":true,"href":"https:\/\/www.rytirihranatezidle.cz\/index.php?rest_route=\/wp\/v2\/users\/3"}],"replies":[{"embeddable":true,"href":"https:\/\/www.rytirihranatezidle.cz\/index.php?rest_route=%2Fwp%2Fv2%2Fcomments&post=10"}],"version-history":[{"count":14,"href":"https:\/\/www.rytirihranatezidle.cz\/index.php?rest_route=\/wp\/v2\/pages\/10\/revisions"}],"predecessor-version":[{"id":639,"href":"https:\/\/www.rytirihranatezidle.cz\/index.php?rest_route=\/wp\/v2\/pages\/10\/revisions\/639"}],"wp:attachment":[{"href":"https:\/\/www.rytirihranatezidle.cz\/index.php?rest_route=%2Fwp%2Fv2%2Fmedia&parent=10"}],"curies":[{"name":"wp","href":"https:\/\/api.w.org\/{rel}","templated":true}]}}