{"id":17,"date":"2010-11-08T12:09:18","date_gmt":"2010-11-08T12:09:18","guid":{"rendered":"http:\/\/www.rytirihranatezidle.cz\/?page_id=17"},"modified":"2025-06-23T18:43:35","modified_gmt":"2025-06-23T16:43:35","slug":"nabidka","status":"publish","type":"page","link":"https:\/\/www.rytirihranatezidle.cz\/?page_id=17","title":{"rendered":"Vystoupen\u00ed"},"content":{"rendered":"<p><strong>\u010cest korz\u00e1r\u016f<br \/>\n<\/strong><\/p>\n<p>Speci\u00e1ln\u00ed vystoupen\u00ed pro <a href=\"https:\/\/www.mkshavirov.cz\/korzari-vladci-mori-den-historie-pro-vsechny\" target=\"_blank\" rel=\"noopener\">Den historie<\/a> v Hav\u00ed\u0159ov\u011b (21.-22. 6. 2025) &#8211; o tom jak se t\u0159i <del>pir\u00e1ti<\/del> korz\u00e1\u0159i navz\u00e1jem okradli. Podle hesla: lehce nabyl, lehce pozbyl.<\/p>\n<p><del><strong>T\u0159i Brat\u0159i &#8211; <\/strong>vystoupen\u00ed pro sez\u00f3nu 2013<\/del><\/p>\n<p><del>P\u0159\u00edb\u011bh o tom co se m\u016f\u017ee st\u00e1t, kdy\u017e se zanedb\u00e1 v\u00fdchova kr\u00e1lovsk\u00fdch syn\u016f. P\u0159\u00edb\u011bh vesel\u00fd i smutn\u00fd, s \u017eiv\u00fdm \u0161ermem i \u017eivou hudbou, pro d\u011bti i pro dosp\u011bl\u00e9.<\/del><\/p>\n<p><del>D\u00e9lka vystoupen\u00ed: cca 20-25 minut<\/del><\/p>\n<p><del>Po\u010det \u00fa\u010dinkuj\u00edc\u00edch: 4<\/del><\/p>\n<p><del><strong>Cizinec &#8211;<\/strong> vystoupen\u00ed pro sez\u00f3nu 2011<\/del><\/p>\n<p><del>P\u0159\u00edb\u011bh s tajemstv\u00edm.&nbsp; St\u0159edov\u011bk\u00e1 hospoda je v podve\u010der skoro pr\u00e1zdn\u00e1. Jen v rohu u stolu sed\u00ed postar\u0161\u00ed mu\u017e. Tu do n\u00ed n\u00e1hle vpadne mlad\u00edk, ker\u00e9mu jsou v pat\u00e1ch zabij\u00e1ci. U\u017e nem\u00e1, kde by se schoval, u\u017e nem\u00e1 sil d\u00e1le prchat. A tak si d\u00e1 posledn\u00ed sv\u00e9 pivo a \u010dek\u00e1 na sv\u00e9 vrahy. Tajemn\u00fd cizinec se s n\u00edm d\u00e1 do \u0159e\u010di a po chv\u00edli uzav\u0159ou dohodu. A jak se jejich dohoda postupn\u011b napl\u0148uje, odkr\u00fdv\u00e1 se i p\u0159\u00edb\u011bh, na jeho\u017e konci zjist\u00ed jeden to, co ten druh\u00fd u\u017e d\u00e1vno tu\u0161\u00ed. \u017de jsou jejich osudy spojeny v\u00edc, ne\u017e by koho napadlo &#8230;.<\/del><\/p>\n<p><del>D\u00e9lka vystoupen\u00ed: 25 minut<\/del><\/p>\n<p><del>Po\u010det \u00fa\u010dinkuj\u00edc\u00edch: 4<\/del><\/p>\n<p><del><strong>Trubad\u00fa\u0159i &#8211;<\/strong> \u0161erm\u00ed\u0159sko-hudebn\u00ed kulturn\u00ed vlo\u017eka.<\/del><\/p>\n<p><del>Neobvykl\u00e9 p\u0159edstaven\u00ed kombinuj\u00edc\u00ed \u017eivou hudbu a \u0161erm, ve kter\u00e9m shl\u00e9dnete kr\u00e1tk\u00fd p\u0159\u00edb\u011bh dvou muzikant\u016f, kte\u0159\u00ed p\u0159i\u0161li vz\u00fdvat kr\u00e1sn\u00e9 m\u016fzy, ale nestrp\u00ed u toho \u017e\u00e1dnou konkurenci.<\/del><\/p>\n<p><del>Toto vystoupen\u00ed jsme hr\u00e1li u\u017e v roce 2010 je\u0161t\u011b jako \u010dlenov\u00e9 <a href=\"http:\/\/www.rottalove.cz\/\">SH\u0160&nbsp;Rottalov\u00e9<\/a>. Vystoupen\u00ed je vhodn\u00e9 jako dopln\u011bk n\u011bjak\u00e9ho v\u011bt\u0161\u00edho programu, zpest\u0159en\u00ed ve\u010d\u00edrku a podobn\u011b.<\/del><\/p>\n<p><del>D\u00e9lka vystoupen\u00ed: 10 minut<\/del><\/p>\n<p><del>Po\u010det \u00fa\u010dinkuj\u00edc\u00edch: 2<\/del><\/p>\n<p><del>Po\u017eadavky na sc\u00e9nu: nepot\u0159ebujeme \u017e\u00e1dn\u00e9 rekvizity ani ozvu\u010den\u00ed, pouze voln\u00fd prostor pro \u0161erm s neklouzavou podlahou, kter\u00e9 neu\u0161kod\u00ed kdy\u017e na ni spadne me\u010d.<\/del><\/p>\n","protected":false},"excerpt":{"rendered":"<p>\u010cest korz\u00e1r\u016f Speci\u00e1ln\u00ed vystoupen\u00ed pro Den historie v Hav\u00ed\u0159ov\u011b (21.-22. 6. 2025) &#8211; o tom jak se t\u0159i pir\u00e1ti korz\u00e1\u0159i navz\u00e1jem okradli. Podle hesla: lehce nabyl, lehce pozbyl. T\u0159i Brat\u0159i &#8211; vystoupen\u00ed pro sez\u00f3nu 2013 P\u0159\u00edb\u011bh o tom co se m\u016f\u017ee st\u00e1t, kdy\u017e se zanedb\u00e1 v\u00fdchova kr\u00e1lovsk\u00fdch syn\u016f. P\u0159\u00edb\u011bh vesel\u00fd i smutn\u00fd, s \u017eiv\u00fdm \u0161ermem [&hellip;]<\/p>\n","protected":false},"author":3,"featured_media":0,"parent":0,"menu_order":0,"comment_status":"closed","ping_status":"closed","template":"","meta":{"ngg_post_thumbnail":0,"footnotes":""},"class_list":["post-17","page","type-page","status-publish","hentry"],"_links":{"self":[{"href":"https:\/\/www.rytirihranatezidle.cz\/index.php?rest_route=\/wp\/v2\/pages\/17","targetHints":{"allow":["GET"]}}],"collection":[{"href":"https:\/\/www.rytirihranatezidle.cz\/index.php?rest_route=\/wp\/v2\/pages"}],"about":[{"href":"https:\/\/www.rytirihranatezidle.cz\/index.php?rest_route=\/wp\/v2\/types\/page"}],"author":[{"embeddable":true,"href":"https:\/\/www.rytirihranatezidle.cz\/index.php?rest_route=\/wp\/v2\/users\/3"}],"replies":[{"embeddable":true,"href":"https:\/\/www.rytirihranatezidle.cz\/index.php?rest_route=%2Fwp%2Fv2%2Fcomments&post=17"}],"version-history":[{"count":25,"href":"https:\/\/www.rytirihranatezidle.cz\/index.php?rest_route=\/wp\/v2\/pages\/17\/revisions"}],"predecessor-version":[{"id":595,"href":"https:\/\/www.rytirihranatezidle.cz\/index.php?rest_route=\/wp\/v2\/pages\/17\/revisions\/595"}],"wp:attachment":[{"href":"https:\/\/www.rytirihranatezidle.cz\/index.php?rest_route=%2Fwp%2Fv2%2Fmedia&parent=17"}],"curies":[{"name":"wp","href":"https:\/\/api.w.org\/{rel}","templated":true}]}}