{"id":19,"date":"2010-11-08T12:09:47","date_gmt":"2010-11-08T12:09:47","guid":{"rendered":"http:\/\/www.rytirihranatezidle.cz\/?page_id=19"},"modified":"2025-06-03T21:42:49","modified_gmt":"2025-06-03T19:42:49","slug":"kde-budeme","status":"publish","type":"page","link":"https:\/\/www.rytirihranatezidle.cz\/?page_id=19","title":{"rendered":"Kde budeme"},"content":{"rendered":"<p>Seznam akc\u00ed, na nich\u017e budeme vystupovat jako skupina (p\u0159\u00edpadn\u011b jednotliv\u00ed \u010dlenov\u00e9 v r\u00e1mci v\u00fdpomoci jin\u00fdm skupin\u00e1m):<\/p>\n<p>&nbsp;<\/p>\n<p>21.-22. 06. 2025 &#8211; Hav\u00ed\u0159ov, <a href=\"https:\/\/www.mkshavirov.cz\/korzari-vladci-mori-den-historie-pro-vsechny\/\" target=\"_blank\" rel=\"noopener\"><span id=\"p49R_mc63\" class=\"markedContent\"><span dir=\"ltr\" role=\"presentation\">Den historie pro v\u0161echny<\/span><\/span><\/a><\/p>\n<hr>\n<p>28. 09. 2015 &#8211; Ostrava, <a href=\"http:\/\/severnimorava.regiony24.cz\/26-220709-v-pondeli-28--zari-porada-moravska-ostrava-a-privoz-tradicni-svatovaclavsky-jarmark\">Svatov\u00e1clavsk\u00fd jarmark<\/a><\/p>\n<p>15. 06. 2013 &#8211; Malenovice, <a href=\"http:\/\/revertar.cz\/index3.php?id=rocnik_2013\">Zk\u0159\u00ed\u017een\u00e9 me\u010de<\/a><\/p>\n<p>11. 05. 2013 &#8211; pl\u00e1cek u R\u016f\u017eenina lomu, <a href=\"http:\/\/mapy.cz\/s\/70SA\">Ve\u0159ejn\u00e1 gener\u00e1lka<\/a><\/p>\n<p>09. 07. 2011 &#8211; Ro\u0161tejn, <a href=\"http:\/\/www.sermiri.cz\/akce\/stredoveke-hry-na-hrade-rostejne-2011-(v.-rocnik)\/1330\">St\u0159edov\u011bk\u00e9 hry na hrad\u011b Ro\u0161tejn<\/a><\/p>\n<p>18. 06. 2011 &#8211; Budyn\u011b nad Oh\u0159\u00ed, <a href=\"http:\/\/www.budynska-koruna.shslepus.cz\/\">Budy\u0148sk\u00e1 koruna<\/a><\/p>\n<p>28. 05. 2011 &#8211; Malenovice, Zk\u0159\u00ed\u017een\u00e9 me\u010de<\/p>\n<p>srpen 2011 &#8211; D\u011bv\u00edn, Festival historick\u00e9ho \u0161ermu<\/p>\n<p>\u010derven 2010 &#8211; Kurovice, <a href=\"http:\/\/malinam.rajce.idnes.cz\/Kurovice_2010_-_Historicke_dny_5.-6.6.\/\">Historick\u00e9 dny<\/a><\/p>\n","protected":false},"excerpt":{"rendered":"<p>Seznam akc\u00ed, na nich\u017e budeme vystupovat jako skupina (p\u0159\u00edpadn\u011b jednotliv\u00ed \u010dlenov\u00e9 v r\u00e1mci v\u00fdpomoci jin\u00fdm skupin\u00e1m): &nbsp; 21.-22. 06. 2025 &#8211; Hav\u00ed\u0159ov, Den historie pro v\u0161echny 28. 09. 2015 &#8211; Ostrava, Svatov\u00e1clavsk\u00fd jarmark 15. 06. 2013 &#8211; Malenovice, Zk\u0159\u00ed\u017een\u00e9 me\u010de 11. 05. 2013 &#8211; pl\u00e1cek u R\u016f\u017eenina lomu, Ve\u0159ejn\u00e1 gener\u00e1lka 09. 07. 2011 &#8211; Ro\u0161tejn, [&hellip;]<\/p>\n","protected":false},"author":3,"featured_media":0,"parent":0,"menu_order":0,"comment_status":"open","ping_status":"open","template":"","meta":{"ngg_post_thumbnail":0,"footnotes":""},"class_list":["post-19","page","type-page","status-publish","hentry"],"_links":{"self":[{"href":"https:\/\/www.rytirihranatezidle.cz\/index.php?rest_route=\/wp\/v2\/pages\/19","targetHints":{"allow":["GET"]}}],"collection":[{"href":"https:\/\/www.rytirihranatezidle.cz\/index.php?rest_route=\/wp\/v2\/pages"}],"about":[{"href":"https:\/\/www.rytirihranatezidle.cz\/index.php?rest_route=\/wp\/v2\/types\/page"}],"author":[{"embeddable":true,"href":"https:\/\/www.rytirihranatezidle.cz\/index.php?rest_route=\/wp\/v2\/users\/3"}],"replies":[{"embeddable":true,"href":"https:\/\/www.rytirihranatezidle.cz\/index.php?rest_route=%2Fwp%2Fv2%2Fcomments&post=19"}],"version-history":[{"count":27,"href":"https:\/\/www.rytirihranatezidle.cz\/index.php?rest_route=\/wp\/v2\/pages\/19\/revisions"}],"predecessor-version":[{"id":589,"href":"https:\/\/www.rytirihranatezidle.cz\/index.php?rest_route=\/wp\/v2\/pages\/19\/revisions\/589"}],"wp:attachment":[{"href":"https:\/\/www.rytirihranatezidle.cz\/index.php?rest_route=%2Fwp%2Fv2%2Fmedia&parent=19"}],"curies":[{"name":"wp","href":"https:\/\/api.w.org\/{rel}","templated":true}]}}