{"id":23,"date":"2010-11-08T12:11:00","date_gmt":"2010-11-08T12:11:00","guid":{"rendered":"http:\/\/www.rytirihranatezidle.cz\/?page_id=23"},"modified":"2013-12-17T21:02:23","modified_gmt":"2013-12-17T20:02:23","slug":"videa","status":"publish","type":"page","link":"https:\/\/www.rytirihranatezidle.cz\/?page_id=23","title":{"rendered":"Videa"},"content":{"rendered":"<ul>\n<li><b>P\u00e1r uk\u00e1zek toho co na t\u011bch tren\u00e1lech d\u011bl\u00e1me &#8230;<\/b><video width=\"320\" height=\"240\" controls=\"controls\" src=\"http:\/\/www.rytirihranatezidle.cz\/files\/RHZ%20Promo_short.ogv\">(V\u00e1\u0161 prohl\u00ed\u017ee\u010d nepodporuje tag video, st\u00e1hn\u011bte si video z n\u00ed\u017ee uveden\u00fdch odkaz\u016f.)<\/video><\/li>\n<li><a href=\"http:\/\/www.rytirihranatezidle.cz\/files\/RHZ%20Promo_short.wmv\">WMV, 720&#215;576, 43 MB<\/a><\/li>\n<li><a href=\"http:\/\/www.rytirihranatezidle.cz\/files\/RHZ%20Promo_short.ogv\">OGG Theora, 384&#215;288, 11 MB<\/a><\/li>\n<\/ul>\n","protected":false},"excerpt":{"rendered":"<p>P\u00e1r uk\u00e1zek toho co na t\u011bch tren\u00e1lech d\u011bl\u00e1me &#8230;(V\u00e1\u0161 prohl\u00ed\u017ee\u010d nepodporuje tag video, st\u00e1hn\u011bte si video z n\u00ed\u017ee uveden\u00fdch odkaz\u016f.) WMV, 720&#215;576, 43 MB OGG Theora, 384&#215;288, 11 MB<\/p>\n","protected":false},"author":3,"featured_media":0,"parent":0,"menu_order":0,"comment_status":"open","ping_status":"open","template":"","meta":{"ngg_post_thumbnail":0,"footnotes":""},"class_list":["post-23","page","type-page","status-publish","hentry"],"_links":{"self":[{"href":"https:\/\/www.rytirihranatezidle.cz\/index.php?rest_route=\/wp\/v2\/pages\/23","targetHints":{"allow":["GET"]}}],"collection":[{"href":"https:\/\/www.rytirihranatezidle.cz\/index.php?rest_route=\/wp\/v2\/pages"}],"about":[{"href":"https:\/\/www.rytirihranatezidle.cz\/index.php?rest_route=\/wp\/v2\/types\/page"}],"author":[{"embeddable":true,"href":"https:\/\/www.rytirihranatezidle.cz\/index.php?rest_route=\/wp\/v2\/users\/3"}],"replies":[{"embeddable":true,"href":"https:\/\/www.rytirihranatezidle.cz\/index.php?rest_route=%2Fwp%2Fv2%2Fcomments&post=23"}],"version-history":[{"count":17,"href":"https:\/\/www.rytirihranatezidle.cz\/index.php?rest_route=\/wp\/v2\/pages\/23\/revisions"}],"predecessor-version":[{"id":366,"href":"https:\/\/www.rytirihranatezidle.cz\/index.php?rest_route=\/wp\/v2\/pages\/23\/revisions\/366"}],"wp:attachment":[{"href":"https:\/\/www.rytirihranatezidle.cz\/index.php?rest_route=%2Fwp%2Fv2%2Fmedia&parent=23"}],"curies":[{"name":"wp","href":"https:\/\/api.w.org\/{rel}","templated":true}]}}