{"id":8,"date":"2010-11-08T11:46:37","date_gmt":"2010-11-08T10:46:37","guid":{"rendered":"http:\/\/www.rytirihranatezidle.cz\/?page_id=8"},"modified":"2025-04-12T15:06:19","modified_gmt":"2025-04-12T13:06:19","slug":"clenove","status":"publish","type":"page","link":"https:\/\/www.rytirihranatezidle.cz\/?page_id=8","title":{"rendered":"\u010clenov\u00e9"},"content":{"rendered":"<p>M\u00e1me nov\u00e9 \u010dleny &#8211; Adama a Giordana<\/p>\n<p><strong>\n<table id=\"tablepress-1\" class=\"tablepress tablepress-id-1\">\n<tbody class=\"row-striping\">\n<tr class=\"row-1\">\n\t<td class=\"column-1\">Miroslav P\u0159idal<\/td><td class=\"column-2\">Vladislav Kurz<\/td>\n<\/tr>\n<tr class=\"row-2\">\n\t<td class=\"column-1\"><a href=\"https:\/\/www.rytirihranatezidle.cz\/images\/vsehochut\/img_2941.jpg\"><img decoding=\"async\" src=\"https:\/\/www.rytirihranatezidle.cz\/images\/vsehochut\/img_2941.jpg\" width=\"300\" class=\"alignnone size-medium\" \/><\/a><\/td><td class=\"column-2\"><a href=\"https:\/\/www.rytirihranatezidle.cz\/images\/vsehochut\/img_2953.jpg\"><img decoding=\"async\" src=\"https:\/\/www.rytirihranatezidle.cz\/images\/vsehochut\/img_2953.jpg\" width=\"300\" class=\"alignnone size-medium\" \/><\/a><\/td>\n<\/tr>\n<tr class=\"row-3\">\n\t<td class=\"column-1\">Giordano Gasparato<\/td><td class=\"column-2\">Adam Reut<\/td>\n<\/tr>\n<tr class=\"row-4\">\n\t<td class=\"column-1\"><a href=\"https:\/\/www.rytirihranatezidle.cz\/images\/vsehochut\/jordan.jpg\"><img decoding=\"async\" src=\"https:\/\/www.rytirihranatezidle.cz\/images\/vsehochut\/jordan.jpg\" width=\"300\" class=\"alignnone size-medium\" \/><\/a><\/td><td class=\"column-2\"><a href=\"https:\/\/www.rytirihranatezidle.cz\/images\/vsehochut\/Adam.jpg\"><img decoding=\"async\" src=\"https:\/\/www.rytirihranatezidle.cz\/images\/vsehochut\/Adam.jpg\" width=\"300\" class=\"alignnone size-medium\" \/><\/a><\/td>\n<\/tr>\n<\/tbody>\n<\/table>\n<!-- #tablepress-1 from cache --><\/strong><\/p>\n","protected":false},"excerpt":{"rendered":"<p>M\u00e1me nov\u00e9 \u010dleny &#8211; Adama a Giordana<\/p>\n","protected":false},"author":3,"featured_media":0,"parent":0,"menu_order":2,"comment_status":"closed","ping_status":"closed","template":"","meta":{"ngg_post_thumbnail":0,"footnotes":""},"class_list":["post-8","page","type-page","status-publish","hentry"],"_links":{"self":[{"href":"https:\/\/www.rytirihranatezidle.cz\/index.php?rest_route=\/wp\/v2\/pages\/8","targetHints":{"allow":["GET"]}}],"collection":[{"href":"https:\/\/www.rytirihranatezidle.cz\/index.php?rest_route=\/wp\/v2\/pages"}],"about":[{"href":"https:\/\/www.rytirihranatezidle.cz\/index.php?rest_route=\/wp\/v2\/types\/page"}],"author":[{"embeddable":true,"href":"https:\/\/www.rytirihranatezidle.cz\/index.php?rest_route=\/wp\/v2\/users\/3"}],"replies":[{"embeddable":true,"href":"https:\/\/www.rytirihranatezidle.cz\/index.php?rest_route=%2Fwp%2Fv2%2Fcomments&post=8"}],"version-history":[{"count":18,"href":"https:\/\/www.rytirihranatezidle.cz\/index.php?rest_route=\/wp\/v2\/pages\/8\/revisions"}],"predecessor-version":[{"id":566,"href":"https:\/\/www.rytirihranatezidle.cz\/index.php?rest_route=\/wp\/v2\/pages\/8\/revisions\/566"}],"wp:attachment":[{"href":"https:\/\/www.rytirihranatezidle.cz\/index.php?rest_route=%2Fwp%2Fv2%2Fmedia&parent=8"}],"curies":[{"name":"wp","href":"https:\/\/api.w.org\/{rel}","templated":true}]}}